{"id":20,"date":"2016-07-15T19:42:29","date_gmt":"2016-07-15T19:42:29","guid":{"rendered":"http:\/\/condvillaverde.com.br\/?page_id=20"},"modified":"2024-07-10T20:30:43","modified_gmt":"2024-07-10T23:30:43","slug":"documentos","status":"publish","type":"page","link":"https:\/\/condvillaverde.com.br\/?page_id=20","title":{"rendered":"Documentos"},"content":{"rendered":"<p>Os documentos &#8220;Conven\u00e7\u00e3o Condominial&#8221; e &#8220;Regimento Interno&#8221; est\u00e3o dispon\u00edveis e encontram-se atualizados dentro de \u00e1rea de acesso restrito do site da Neon Im\u00f3veis, administradora do condom\u00ednio Villa Verde. Para consult\u00e1-los, acesse <a href=\"http:\/\/www.neonimoveis.com.br\" target=\"_blank\" rel=\"noopener\">http:\/\/www.neonimoveis.com.br<\/a> e utilize o seu nome de usu\u00e1rio e senha fornecidos no boleto de condom\u00ednio.<\/p>\n<p>Atrav\u00e9s do site da Neon Im\u00f3veis tamb\u00e9m \u00e9 poss\u00edvel consultar e gerar a segunda via de boletos, verificar acordos, balancetes, documenta\u00e7\u00f5es, consultar informa\u00e7\u00f5es sobre legisla\u00e7\u00e3o, atualiza\u00e7\u00e3o de cadastro, etc.<\/p>\n","protected":false},"excerpt":{"rendered":"<p>Os documentos &#8220;Conven\u00e7\u00e3o Condominial&#8221; e &#8220;Regimento Interno&#8221; est\u00e3o dispon\u00edveis e encontram-se atualizados dentro de \u00e1rea de acesso restrito do site da Neon Im\u00f3veis, administradora do condom\u00ednio Villa Verde. Para consult\u00e1-los, acesse http:\/\/www.neonimoveis.com.br e utilize o seu nome de usu\u00e1rio e senha fornecidos no boleto de condom\u00ednio. Atrav\u00e9s do site da Neon Im\u00f3veis tamb\u00e9m \u00e9 poss\u00edvel [&hellip;]<\/p>\n","protected":false},"author":1,"featured_media":0,"parent":0,"menu_order":0,"comment_status":"closed","ping_status":"closed","template":"page-fullwidth.php","meta":{"footnotes":""},"class_list":["post-20","page","type-page","status-publish","hentry","clearfix"],"_links":{"self":[{"href":"https:\/\/condvillaverde.com.br\/index.php?rest_route=\/wp\/v2\/pages\/20","targetHints":{"allow":["GET"]}}],"collection":[{"href":"https:\/\/condvillaverde.com.br\/index.php?rest_route=\/wp\/v2\/pages"}],"about":[{"href":"https:\/\/condvillaverde.com.br\/index.php?rest_route=\/wp\/v2\/types\/page"}],"author":[{"embeddable":true,"href":"https:\/\/condvillaverde.com.br\/index.php?rest_route=\/wp\/v2\/users\/1"}],"replies":[{"embeddable":true,"href":"https:\/\/condvillaverde.com.br\/index.php?rest_route=%2Fwp%2Fv2%2Fcomments&post=20"}],"version-history":[{"count":5,"href":"https:\/\/condvillaverde.com.br\/index.php?rest_route=\/wp\/v2\/pages\/20\/revisions"}],"predecessor-version":[{"id":2382,"href":"https:\/\/condvillaverde.com.br\/index.php?rest_route=\/wp\/v2\/pages\/20\/revisions\/2382"}],"wp:attachment":[{"href":"https:\/\/condvillaverde.com.br\/index.php?rest_route=%2Fwp%2Fv2%2Fmedia&parent=20"}],"curies":[{"name":"wp","href":"https:\/\/api.w.org\/{rel}","templated":true}]}}