{"id":2,"date":"2016-06-15T16:30:21","date_gmt":"2016-06-15T16:30:21","guid":{"rendered":"http:\/\/wp452m.a10-52-158-154.qa.plesk.ru\/wordpress\/?page_id=2"},"modified":"2024-07-10T20:17:44","modified_gmt":"2024-07-10T23:17:44","slug":"sample-page","status":"publish","type":"page","link":"https:\/\/condvillaverde.com.br\/","title":{"rendered":"Bem Vindos"},"content":{"rendered":"<p>Sejam bem vindos ao site do Condom\u00ednio Villa Verde em S\u00e3o Bernardo do Campo.<\/p>\n<hr \/>\n<h2>Economia de \u00c1gua<\/h2>\n<p>Pedimos a colabora\u00e7\u00e3o de todos, no tocante ao uso da \u00e1gua.<br \/>\nEstamos vivenciando diariamente pelos notici\u00e1rios que os n\u00edveis s\u00e3o os mais baixos alcan\u00e7ados, e que se perdurar o racionamento ser\u00e1 inevit\u00e1vel.<br \/>\nDiante de toda essa informa\u00e7\u00e3o, pedimos a todos que economizem o m\u00e1ximo que puderem de \u00e1gua com algumas atitudes b\u00e1sicas:<\/p>\n<ul>\n<li>Banhos r\u00e1pidos;<\/li>\n<li>Escovar o dente com a torneira fechada;<\/li>\n<li>Lavar a lou\u00e7a, primeiro ensaboar tudo e depois enxaguar;<\/li>\n<li>Lavar roupa menos dias da semana, deixando acumular um pouco mais quando poss\u00edvel;<\/li>\n<li>Evitar banhos de banheira;<\/li>\n<li>Tentar utilizar um s\u00f3 banheiro (se poss\u00edvel) para urinar e dar uma ou duas descargas no m\u00e1ximo por dia.<\/li>\n<\/ul>\n<p>Pedimos que orientem as ajudantes do lar, prestadores, crian\u00e7as, QUE UTILIZEM \u00c1GUA, DE FORMA CONSCIENTE.<\/p>\n<hr \/>\n<h2>Vagas reservadas \u00e0 Deficientes F\u00edsicos<\/h2>\n<p>Lembramos que as vagas com indica\u00e7\u00e3o de deficientes f\u00edsicos servem exclusivamente para facilitar a sa\u00edda de pessoas que necessitam de aux\u00edlio de forma que fiquem pr\u00f3ximas aos elevadores. N\u00e3o \u00e9 permitida a perman\u00eancia do ve\u00edculo nessas vagas. Em caso de ocorr\u00eancia, estes estar\u00e3o sujeitos \u00e0 notifica\u00e7\u00e3o e posterior aplica\u00e7\u00e3o de multa.<\/p>\n<hr \/>\n<h2>Reformas\/Prestadores de Servi\u00e7o<\/h2>\n<p>De acordo com o Regimento Interno, artigo 42, as reformas (mediante autoriza\u00e7\u00e3o do S\u00edndico), nos apartamentos ou no condom\u00ednio, que causem barulho, devem ocorrer somente de segunda a sexta-feira das 9:00 \u00e0s 17:00, salvo em casos de emerg\u00eancia devidamente justific\u00e1veis. Excetuam-se da proibi\u00e7\u00e3o contida no caput do presente artigo, instala\u00e7\u00f5es de pequena monta nos apartamentos, aos s\u00e1bados, das 10:00 \u00e0s 13:00 horas, desde que n\u00e3o interfira na tranq\u00fcilidade e sossego dos demais moradores do condom\u00ednio.<\/p>\n<hr \/>\n<h2>Coleta de Lixo<\/h2>\n<p>Em virtude de v\u00e1rios fatores, a coleta de lixo dos andares n\u00e3o ser\u00e1 mais realizada. Cada morador dever\u00e1 levar seu lixo at\u00e9 as lixeiras do 4\u00ba subsolo conforme descri\u00e7\u00e3o dos cont\u00eaineres de lixo.<\/p>\n","protected":false},"excerpt":{"rendered":"<p>Sejam bem vindos ao site do Condom\u00ednio Villa Verde em S\u00e3o Bernardo do Campo. Economia de \u00c1gua Pedimos a colabora\u00e7\u00e3o de todos, no tocante ao uso da \u00e1gua. Estamos vivenciando diariamente pelos notici\u00e1rios que os n\u00edveis s\u00e3o os mais baixos alcan\u00e7ados, e que se perdurar o racionamento ser\u00e1 inevit\u00e1vel. Diante de toda essa informa\u00e7\u00e3o, pedimos [&hellip;]<\/p>\n","protected":false},"author":1,"featured_media":0,"parent":0,"menu_order":0,"comment_status":"closed","ping_status":"open","template":"page-fullwidth.php","meta":{"footnotes":""},"class_list":["post-2","page","type-page","status-publish","hentry","clearfix"],"_links":{"self":[{"href":"https:\/\/condvillaverde.com.br\/index.php?rest_route=\/wp\/v2\/pages\/2","targetHints":{"allow":["GET"]}}],"collection":[{"href":"https:\/\/condvillaverde.com.br\/index.php?rest_route=\/wp\/v2\/pages"}],"about":[{"href":"https:\/\/condvillaverde.com.br\/index.php?rest_route=\/wp\/v2\/types\/page"}],"author":[{"embeddable":true,"href":"https:\/\/condvillaverde.com.br\/index.php?rest_route=\/wp\/v2\/users\/1"}],"replies":[{"embeddable":true,"href":"https:\/\/condvillaverde.com.br\/index.php?rest_route=%2Fwp%2Fv2%2Fcomments&post=2"}],"version-history":[{"count":3,"href":"https:\/\/condvillaverde.com.br\/index.php?rest_route=\/wp\/v2\/pages\/2\/revisions"}],"predecessor-version":[{"id":2380,"href":"https:\/\/condvillaverde.com.br\/index.php?rest_route=\/wp\/v2\/pages\/2\/revisions\/2380"}],"wp:attachment":[{"href":"https:\/\/condvillaverde.com.br\/index.php?rest_route=%2Fwp%2Fv2%2Fmedia&parent=2"}],"curies":[{"name":"wp","href":"https:\/\/api.w.org\/{rel}","templated":true}]}}